{"id":2907,"date":"2020-12-23T12:00:08","date_gmt":"2020-12-23T11:00:08","guid":{"rendered":"https:\/\/decorez-moi.fr\/blog\/?page_id=2907"},"modified":"2022-10-06T10:03:36","modified_gmt":"2022-10-06T08:03:36","slug":"peinture-sur-bois","status":"publish","type":"page","link":"https:\/\/decorez-moi.fr\/blog\/decoration-sur-bois\/peinture-sur-bois\/","title":{"rendered":"Peinture sur bois : toutes les techniques"},"content":{"rendered":"\n<p>Tous les supports en bois disponibles dans notre boutique peuvent \u00eatre d\u00e9cor\u00e9s avec de la <a href=\"https:\/\/decorez-moi.fr\/home-deco\/peintures-deco\/\" target=\"_blank\" rel=\"noreferrer noopener\">peinture sur bois<\/a>. Les enfants y trouveront leur compte mais aussi les plus grands avec des techniques avanc\u00e9es. Vous pouvez utiliser plusieurs types de peinture en m\u00eame temps pour un r\u00e9sultat plus \u00e9labor\u00e9. <\/p>\n\n\n\n<p>Passons en revue toutes les techniques de peinture sur bois \u00e0 votre disposition pour personnaliser vos supports en bois.<\/p>\n\n\n\n<h2 class=\"wp-block-heading\">Peinture acrylique<\/h2>\n\n\n\n<p>La peinture acrylique recouvre facilement votre forme en bois. Vous n&rsquo;\u00eates pas oblig\u00e9 d&rsquo;ajouter une sous couche blanche avant. Il faut toutefois poser une sous couche si vous utilisez des peintures pastels.  Cette peinture se pose avec <a href=\"https:\/\/decorez-moi.fr\/carterie-scrap\/outils\/pinceau.html#\/1564-taille-petit\" target=\"_blank\" rel=\"noreferrer noopener\">des pinceaux<\/a>, <a href=\"https:\/\/decorez-moi.fr\/carterie-scrap\/outils\/rouleau-mousse-peinture-teinture.html\" target=\"_blank\" rel=\"noreferrer noopener\">rouleau<\/a> ou tampon mousse ! C&rsquo;est une technique id\u00e9ale \u00e0 pratiquer avec des enfants car la peinture acrylique se nettoie facilement et s\u00e8che rapidement.<\/p>\n\n\n\n<p><strong>Points forts de la peinture acrylique sur bois<\/strong><\/p>\n\n\n\n<ul class=\"wp-block-list\"><li>haute recouvrance<\/li><li>grand choix de couleurs<\/li><li>simple d&rsquo;utilisation<\/li><li>facile \u00e0 nettoyer \u00e0 l&rsquo;eau<\/li><li>s\u00e8che en quelques minutes<\/li><\/ul>\n\n\n<div class=\"vlp-link-container vlp-layout-snippet-produit wp-block-visual-link-preview-link\"><a href=\"https:\/\/decorez-moi.fr\/custo-textile\/peintures-textile-nacree\/peinture-nacree-izink-pearly.html#\/874-couleur-rose_pastel\/1016-contenance-80_ml\" class=\"vlp-link\" title=\"Peinture nacr\u00e9e - Izink Pearly\" rel=\"nofollow\" target=\"_blank\"><\/a><div class=\"vlp-layout-zone-side\"><div class=\"vlp-block-3 vlp-link-image\"><img decoding=\"async\" src=\"https:\/\/decorez-moi.fr\/30417-large_default\/peinture-nacree-izink-pearly.jpg\" style=\"max-width: 300px; max-height: 300px\" \/><\/div><\/div><div class=\"vlp-layout-zone-main\"><div class=\"vlp-block-0 vlp-link-title\">Peinture nacr\u00e9e &#8211; Izink Pearly<\/div><div class=\"vlp-block-1 vlp-link-summary\">Gourde de 80 ml. Peut s\u2019appliquer sur tous supports : textile, papier, carton, bois, m\u00e9tal, porcelaine&#8230;<br \/>\nLes + du produit :<br \/>\nPeinture nacr\u00e9e<br \/>\nTout support<br \/>\nFacile \u00e0 appliquer \u00e0 la spatule ou au pinceau<br \/>\nSe lave \u00e0 40\u00b0<br \/>\nD\u00e9grad\u00e9s de couleurs possibles<br \/>\n18 couleurs<\/div><div class=\"vlp-block-2 vlp-link-button\">D\u00e9couvrir la boutique<\/div><\/div><\/div>\n\n\n<p><strong>Points de vigilance :<\/strong><\/p>\n\n\n\n<ul class=\"wp-block-list\"><li>elle peut co\u00fbter cher donc \u00e0 utiliser en connaissance de cause<\/li><li>attention avec les marques bas de gamme, il y a moins de pigmentation dans la peinture et vous aller devoir passer plusieurs couches ce qui revient au final, plus cher.<\/li><li>Privil\u00e9gier les bonnes marques telles que<a href=\"https:\/\/decorez-moi.fr\/home-deco\/peintures-deco\/\" target=\"_blank\" rel=\"noreferrer noopener\"> Aladine<\/a>, P\u00e9b\u00e9o ou Marabu que nous recommandons.<\/li><\/ul>\n\n\n<div class=\"wp-block-image\">\n<figure class=\"aligncenter size-large\"><img loading=\"lazy\" decoding=\"async\" width=\"700\" height=\"450\" src=\"https:\/\/decorez-moi.fr\/blog\/wp-content\/uploads\/2020\/12\/peinture-acrylique-personnaliser-forme-bois.jpg\" alt=\"\" class=\"wp-image-2521\" srcset=\"https:\/\/decorez-moi.fr\/blog\/wp-content\/uploads\/2020\/12\/peinture-acrylique-personnaliser-forme-bois.jpg 700w, https:\/\/decorez-moi.fr\/blog\/wp-content\/uploads\/2020\/12\/peinture-acrylique-personnaliser-forme-bois-480x309.jpg 480w\" sizes=\"auto, (min-width: 0px) and (max-width: 480px) 480px, (min-width: 481px) 700px, 100vw\" \/><figcaption>Exemple de peinture acrylique sur bois au pinceau<\/figcaption><\/figure>\n<\/div>\n\n\n<h2 class=\"wp-block-heading\">Peinture en spray (bombe)<\/h2>\n\n\n\n<p>La peinture en spray est id\u00e9ale pour recouvrir des grandes formes en bois, elle recouvre rapidement votre support. Attention de bien respecter la notice \u00e0 l&rsquo;arri\u00e8re de la bombe surtout en ce qui concerne la hauteur, la distance d&rsquo;utilisation et temps de s\u00e9chage. Une technique de peinture sur bois \u00e0 utiliser de pr\u00e9f\u00e9rence en ext\u00e9rieur en pr\u00e9voyant une protection pour els d\u00e9bords.<\/p>\n\n\n\n<p><strong>Points forts de la peinture sur bois en spray :<\/strong><\/p>\n\n\n\n<ul class=\"wp-block-list\"><li>recouvre de fa\u00e7on homog\u00e8ne la forme<\/li><li>haute recouvrance<\/li><li>rapidit\u00e9 d&rsquo;utilisation<\/li><\/ul>\n\n\n\n<p><strong>Points de vigilance :<\/strong><\/p>\n\n\n\n<ul class=\"wp-block-list\"><li>prix plus \u00e9lev\u00e9<\/li><li>les particules volantes de peintres (privil\u00e9gier l&rsquo;ext\u00e9rieur pour utiliser les bombes spray)<\/li><li>pas toujours simple d&rsquo;utilisation, demande un coup de main<\/li><li>pas utilisable avec de plus jeunes enfants<\/li><\/ul>\n\n\n<div class=\"wp-block-image\">\n<figure class=\"aligncenter size-large\"><img loading=\"lazy\" decoding=\"async\" width=\"700\" height=\"450\" src=\"https:\/\/decorez-moi.fr\/blog\/wp-content\/uploads\/2020\/12\/bombe-spray-peinture-decorer-forme-bois.jpg\" alt=\"\" class=\"wp-image-2523\" srcset=\"https:\/\/decorez-moi.fr\/blog\/wp-content\/uploads\/2020\/12\/bombe-spray-peinture-decorer-forme-bois.jpg 700w, https:\/\/decorez-moi.fr\/blog\/wp-content\/uploads\/2020\/12\/bombe-spray-peinture-decorer-forme-bois-480x309.jpg 480w\" sizes=\"auto, (min-width: 0px) and (max-width: 480px) 480px, (min-width: 481px) 700px, 100vw\" \/><figcaption>Exemple de forme en bois recouverte de peinture en spray, ici une maison de poup\u00e9e en kit<\/figcaption><\/figure>\n<\/div>\n\n\n<h2 class=\"wp-block-heading\">Peinture Fluorescente Phosphorescent <\/h2>\n\n\n\n<p>Si vous aimez les couleurs qui flashent, le fluo est fait pour vous ! Cette peinture vous fait retomber dans les ann\u00e9es 80 avec le fluo \u00e0 peindre sur des formes en bois. Ajoutez une lumi\u00e8re ultraviolette et vous obtenez un effet bo\u00eete de nuit in\u00e9narrable. Il faut savoir que les couleurs fluos \u00e9mettent plus de lumi\u00e8re visible qu\u2019ils n\u2019en re\u00e7oivent.  Elles absorbent les rayons UV invisibles, les transforment et r\u00e9\u00e9mettent de la lumi\u00e8re visible, d&rsquo;o\u00f9 cette forte luminosit\u00e9 caract\u00e9ristique.<\/p>\n\n\n\n<p><strong>Points forts des peintures fluos &#8211; phosphorescent:<\/strong><\/p>\n\n\n\n<ul class=\"wp-block-list\"><li>super effet fluorescent <a href=\"https:\/\/decorez-moi.fr\/home-deco\/peintures-deco\/peinture-deco-pailletee\/peinture-pailletee-phosphorecente-ultra-concentree-izink-diamond-glow.html#\/807-couleur-argent\" target=\"_blank\" rel=\"noreferrer noopener\">phosphorescent<\/a> <\/li><li>simple d&rsquo;utilisation<\/li><li>effet kitsch assur\u00e9<\/li><\/ul>\n\n\n<div class=\"vlp-link-container vlp-layout-snippet-produit wp-block-visual-link-preview-link\"><a href=\"https:\/\/decorez-moi.fr\/home-deco\/peintures-deco\/peinture-deco-pailletee\/peinture-pailletee-phosphorecente-ultra-concentree-izink-diamond-glow.html#\/1057-couleur-bleu_marine\" class=\"vlp-link\" title=\"Peinture paillet\u00e9e phosphorescente ultra concentr\u00e9e - Izink Diamond Glow\" rel=\"nofollow\" target=\"_blank\"><\/a><div class=\"vlp-layout-zone-side\"><div class=\"vlp-block-3 vlp-link-image\"><img decoding=\"async\" src=\"https:\/\/decorez-moi.fr\/36875-large_default\/peinture-pailletee-phosphorecente-ultra-concentree-izink-diamond-glow.jpg\" style=\"max-width: 300px; max-height: 300px\" \/><\/div><\/div><div class=\"vlp-layout-zone-main\"><div class=\"vlp-block-0 vlp-link-title\">Peinture paillet\u00e9e phosphorescente ultra concentr\u00e9e &#8211; Izink Diamond Glow<\/div><div class=\"vlp-block-1 vlp-link-summary\">Peinture paillet\u00e9e\u00a0ultra couvrante<br \/>\nBrille dans le noir<br \/>\nGourde de 80 ml<br \/>\nPeut s\u2019appliquer sur\u00a0tous supports\u00a0: textile, papier, carton, bois, m\u00e9tal, porcelaine &#8230;<br \/>\nPour le textile, fixer la couleur en repassant 5 minutes, puis passer en machine \u00e0 40\u00b0<\/div><div class=\"vlp-block-2 vlp-link-button\">D\u00e9couvrir la boutique<\/div><\/div><\/div>\n\n\n<p><strong>Points de vigilance :<\/strong><\/p>\n\n\n\n<ul class=\"wp-block-list\"><li>demande beaucoup de couche de peinture avant d&rsquo;avoir l&rsquo;effet voulu.<\/li><\/ul>\n\n\n<div class=\"wp-block-image\">\n<figure class=\"aligncenter size-large\"><img loading=\"lazy\" decoding=\"async\" width=\"700\" height=\"450\" src=\"https:\/\/decorez-moi.fr\/blog\/wp-content\/uploads\/2020\/12\/decorer-forme-en-bois-avec-peinture-fluo.jpg\" alt=\"\" class=\"wp-image-2526\" srcset=\"https:\/\/decorez-moi.fr\/blog\/wp-content\/uploads\/2020\/12\/decorer-forme-en-bois-avec-peinture-fluo.jpg 700w, https:\/\/decorez-moi.fr\/blog\/wp-content\/uploads\/2020\/12\/decorer-forme-en-bois-avec-peinture-fluo-480x309.jpg 480w\" sizes=\"auto, (min-width: 0px) and (max-width: 480px) 480px, (min-width: 481px) 700px, 100vw\" \/><figcaption>La peinture fluo se pose au pinceau de fa\u00e7on tr\u00e8s simple<\/figcaption><\/figure>\n<\/div>\n\n\n<h2 class=\"wp-block-heading\">Peinture paillet\u00e9e<\/h2>\n\n\n\n<p>La <a href=\"https:\/\/decorez-moi.fr\/home-deco\/peintures-deco\/peinture-deco-pailletee\/\" target=\"_blank\" rel=\"noreferrer noopener\">peinture paillet\u00e9e<\/a> est parfaite pour ajouter un petit cot\u00e9 festif \u00e0 vos cr\u00e9ations, voire m\u00eame un c\u00f4t\u00e9 bling-bling si le sujet s&rsquo;y pr\u00eate. Vous devez d&rsquo;abord ajouter une premi\u00e8re couche de peinture de votre choix puis ajouter une couche de paillettes. Il est pr\u00e9f\u00e9rable d&rsquo;utiliser un tampon mousse ou <a href=\"https:\/\/decorez-moi.fr\/carterie-scrap\/outils\/spatule-peinture-pate-de-texture.html\" target=\"_blank\" rel=\"noreferrer noopener\">une spatule<\/a> pour effectuer une pose homog\u00e8ne ce qui est tr\u00e8s simple d&rsquo;utilisation. <\/p>\n\n\n\n<p><strong>Points forts de la peinture paillet\u00e9e sur bois :<\/strong><\/p>\n\n\n\n<ul class=\"wp-block-list\"><li>bel effet visuel<\/li><li>simple d&rsquo;utilisation<\/li><li>r\u00e9sultat original qui sort de l&rsquo;ordinaire<\/li><li>plusieurs coloris disponibles : or, argent&#8230;<\/li><\/ul>\n\n\n<div class=\"vlp-link-container vlp-layout-snippet-produit wp-block-visual-link-preview-link\"><a href=\"https:\/\/decorez-moi.fr\/custo-textile\/peintures-textile-pailletee\/peinture-pailletee-ultra-concentree-izink-diamond.html#\/811-couleur-rouge\/1016-contenance-80_ml\" class=\"vlp-link\" title=\"Peinture paillet\u00e9e ultra concentr\u00e9e - Izink Diamond\" rel=\"nofollow\" target=\"_blank\"><\/a><div class=\"vlp-layout-zone-side\"><div class=\"vlp-block-3 vlp-link-image\"><img decoding=\"async\" src=\"https:\/\/decorez-moi.fr\/30212-large_default\/peinture-pailletee-ultra-concentree-izink-diamond.jpg\" style=\"max-width: 300px; max-height: 300px\" \/><\/div><\/div><div class=\"vlp-layout-zone-main\"><div class=\"vlp-block-0 vlp-link-title\">Peinture paillet\u00e9e ultra concentr\u00e9e &#8211; Izink Diamond<\/div><div class=\"vlp-block-1 vlp-link-summary\">Peinture paillet\u00e9e ultra couvrante<br \/>\nGourde de 80 ml<br \/>\nPeut s\u2019appliquer sur tous supports : textile, papier, carton, bois, m\u00e9tal, porcelaine &#8230;<br \/>\nPour le textile, fixer la couleur en repassant 5 minutes, puis passer en machine \u00e0 40\u00b0<\/div><div class=\"vlp-block-2 vlp-link-button\">D\u00e9couvrir la boutique<\/div><\/div><\/div>\n\n\n<p><strong>Points de vigilance :<\/strong><\/p>\n\n\n\n<ul class=\"wp-block-list\"><li>ne se pose pas partout<\/li><li>utiliser un tampon mousse pour une pose homog\u00e8ne<\/li><li>\u00e0 utiliser avec parcimonie pour \u00e9viter l&rsquo;effet bling-bling<\/li><\/ul>\n\n\n<div class=\"wp-block-image\">\n<figure class=\"aligncenter size-large\"><img loading=\"lazy\" decoding=\"async\" width=\"700\" height=\"450\" src=\"https:\/\/decorez-moi.fr\/blog\/wp-content\/uploads\/2020\/12\/peinture-paillettes-customiser-forme-bois.jpg\" alt=\"\" class=\"wp-image-2527\" srcset=\"https:\/\/decorez-moi.fr\/blog\/wp-content\/uploads\/2020\/12\/peinture-paillettes-customiser-forme-bois.jpg 700w, https:\/\/decorez-moi.fr\/blog\/wp-content\/uploads\/2020\/12\/peinture-paillettes-customiser-forme-bois-480x309.jpg 480w\" sizes=\"auto, (min-width: 0px) and (max-width: 480px) 480px, (min-width: 481px) 700px, 100vw\" \/><figcaption>Utiliser de la peinture paillet\u00e9e effet or pour cr\u00e9er une clef en bois<\/figcaption><\/figure>\n<\/div>\n\n\n<h2 class=\"wp-block-heading\"><strong>Peinture Craie <\/strong>(et ardoise)<\/h2>\n\n\n\n<p>Cette peinture est g\u00e9niale ! Une fois pos\u00e9e, vous allez pouvoir \u00e9crire ce que bon vous semble sur vos formes en bois. Le rendu visuelle est criant de v\u00e9rit\u00e9, on dirait vraiment de la craie. Vous pouvez commencer par appliquer une<a href=\"https:\/\/decorez-moi.fr\/carterie-scrap\/peinture-et-texture\/peinture-pate-de-texture\/peinture-texture-ardoise-izink.html\" target=\"_blank\" rel=\"noreferrer noopener\"> peinture ardoise<\/a> sur votre support puis \u00e9crire \u00e0 main lev\u00e9e votre texte. C&rsquo;est id\u00e9al pour r\u00e9diger un menu de restaurant sur un support original. La mise en pratique est facile et le r\u00e9sultat bluffant.<\/p>\n\n\n\n<p><strong>Points forts de la peinture craie<\/strong><\/p>\n\n\n\n<ul class=\"wp-block-list\"><li>tr\u00e8s agr\u00e9able \u00e0 utiliser<\/li><li>nettoyage \u00e0 l&rsquo;eau<\/li><li>r\u00e9sultat visuel tr\u00e8s r\u00e9aliste<\/li><li>facile \u00e0 mettre en oeuvre<\/li><\/ul>\n\n\n<div class=\"vlp-link-container vlp-layout-snippet-produit wp-block-visual-link-preview-link\"><a href=\"https:\/\/decorez-moi.fr\/carterie-scrap\/peinture-et-texture\/peinture-pate-de-texture\/peinture-texture-ardoise-izink.html\" class=\"vlp-link\" title=\"Peinture texture ardoise - Izink\" rel=\"nofollow\" target=\"_blank\"><\/a><div class=\"vlp-layout-zone-side\"><div class=\"vlp-block-3 vlp-link-image\"><img decoding=\"async\" src=\"https:\/\/decorez-moi.fr\/38489-large_default\/peinture-texture-ardoise-izink.jpg\" style=\"max-width: 300px; max-height: 300px\" \/><\/div><\/div><div class=\"vlp-layout-zone-main\"><div class=\"vlp-block-0 vlp-link-title\">Peinture texture ardoise &#8211; Izink<\/div><div class=\"vlp-block-1 vlp-link-summary\">P\u00e2te de texture ardoise.\u00a0Id\u00e9al pour cr\u00e9er\u00a0une d\u00e9co original avec les formes en bois \u00e0 peindre Gomille ! 4\u00a0autres textures sont \u00e9galement disponible : flocon, sable, perle ou craquel\u00e9e. L\u2019effet craquel\u00e9 appara\u00eet une fois que la peinture est s\u00e8che.<br \/>\nPeinture ardoise contenance 80 ml\u2026<\/div><div class=\"vlp-block-2 vlp-link-button\">D\u00e9couvrir la boutique<\/div><\/div><\/div>\n\n\n<p><strong>Points de vigilance<\/strong> :<\/p>\n\n\n\n<ul class=\"wp-block-list\"><li>pas beaucoup de choix de couleur<\/li><li>prix assez \u00e9lev\u00e9<\/li><li>attention d&rsquo;appliquer un rev\u00eatement effet ardoise au pr\u00e9alable<\/li><\/ul>\n\n\n\n<figure class=\"wp-block-gallery has-nested-images columns-default is-cropped wp-block-gallery-1 is-layout-flex wp-block-gallery-is-layout-flex\">\n<figure class=\"wp-block-image size-large\"><img loading=\"lazy\" decoding=\"async\" width=\"700\" height=\"450\" data-id=\"2632\" src=\"https:\/\/decorez-moi.fr\/blog\/wp-content\/uploads\/2020\/12\/peinture-texture-craie-pour-recouvrir-forme-bois-1.jpg\" alt=\"\" class=\"wp-image-2632\" srcset=\"https:\/\/decorez-moi.fr\/blog\/wp-content\/uploads\/2020\/12\/peinture-texture-craie-pour-recouvrir-forme-bois-1.jpg 700w, https:\/\/decorez-moi.fr\/blog\/wp-content\/uploads\/2020\/12\/peinture-texture-craie-pour-recouvrir-forme-bois-1-480x309.jpg 480w\" sizes=\"auto, (min-width: 0px) and (max-width: 480px) 480px, (min-width: 481px) 700px, 100vw\" \/><\/figure>\n\n\n\n<figure class=\"wp-block-image size-large\"><img loading=\"lazy\" decoding=\"async\" width=\"700\" height=\"450\" data-id=\"2633\" src=\"https:\/\/decorez-moi.fr\/blog\/wp-content\/uploads\/2020\/12\/crayon-craie-decorer-support-en-bois-1.jpg\" alt=\"\" class=\"wp-image-2633\" srcset=\"https:\/\/decorez-moi.fr\/blog\/wp-content\/uploads\/2020\/12\/crayon-craie-decorer-support-en-bois-1.jpg 700w, https:\/\/decorez-moi.fr\/blog\/wp-content\/uploads\/2020\/12\/crayon-craie-decorer-support-en-bois-1-480x309.jpg 480w\" sizes=\"auto, (min-width: 0px) and (max-width: 480px) 480px, (min-width: 481px) 700px, 100vw\" \/><\/figure>\n<figcaption class=\"blocks-gallery-caption\">On applique une peinture ardoise sur un support en bois puis on ajoute la peinture craie<\/figcaption><\/figure>\n\n\n\n<h2 class=\"wp-block-heading\">Peinture 3D<\/h2>\n\n\n\n<p>Vous pouvez trouver dans le commerce des mini tubes de peinture 3D. Elle permet d&rsquo;apporter du volume \u00e0 vos cr\u00e9ations. Vous pouvez ainsi cr\u00e9er des aplats sous formes de pastilles ou de lignes pour faire ressortir du relief et jouer sur les textures. <\/p>\n\n\n\n<p><strong>Points forts de la peinture 3D :<\/strong><\/p>\n\n\n\n<ul class=\"wp-block-list\"><li>parfait pour apporter du relief \u00e0 vos cr\u00e9ations<\/li><li>une touche originale<\/li><li>les tubes \u00e0 pipettes sont faciles \u00e0 utiliser<\/li><\/ul>\n\n\n\n<p><strong>Points de vigilance :<\/strong><\/p>\n\n\n\n<ul class=\"wp-block-list\"><li>temps de s\u00e9chage assez long<\/li><li>se bouche facilement (utiliser une aiguille pour enlever la peinture durcie).<\/li><\/ul>\n\n\n<div class=\"wp-block-image\">\n<figure class=\"aligncenter size-large\"><img loading=\"lazy\" decoding=\"async\" width=\"700\" height=\"450\" src=\"https:\/\/decorez-moi.fr\/blog\/wp-content\/uploads\/2020\/12\/decorer-un-support-bois-avec-peinture-3d.jpg\" alt=\"\" class=\"wp-image-2535\" srcset=\"https:\/\/decorez-moi.fr\/blog\/wp-content\/uploads\/2020\/12\/decorer-un-support-bois-avec-peinture-3d.jpg 700w, https:\/\/decorez-moi.fr\/blog\/wp-content\/uploads\/2020\/12\/decorer-un-support-bois-avec-peinture-3d-480x309.jpg 480w\" sizes=\"auto, (min-width: 0px) and (max-width: 480px) 480px, (min-width: 481px) 700px, 100vw\" \/><figcaption>Petite poup\u00e9e encadr\u00e9e avec de la peinture 3D en relief<\/figcaption><\/figure>\n<\/div>\n\n\n<h2 class=\"wp-block-heading\">Peinture magn\u00e9tique<\/h2>\n\n\n\n<p>La peinture magn\u00e9tique est une peinture m\u00e9tallique qui permet de fixer des aimants. Si vous envie d&rsquo;un tableau pour ajouter vos photos, elle se pr\u00eate tr\u00e8s bien \u00e0 une application sur du bois. Vous pourrez ainsi cr\u00e9er des cadres, des supports pour accrocher vos souvenir et vos magnets. Pr\u00e9voyez 2 ou 3 couches pour que les aimants s&rsquo;y fixent bien.<\/p>\n\n\n\n<p><strong>Points forts de la peinture magn\u00e9tique<\/strong><\/p>\n\n\n\n<ul class=\"wp-block-list\"><li>simple \u00e0 utiliser<\/li><li>facile \u00e0 nettoyer<\/li><li>effet magique pour les plus jeunes<\/li><\/ul>\n\n\n\n<p><strong>Points de vigilance :<\/strong><\/p>\n\n\n\n<ul class=\"wp-block-list\"><li>le prix<\/li><li>peu de choix en couleurs<\/li><li>long temps de s\u00e9chage.<\/li><\/ul>\n\n\n<div class=\"wp-block-image\">\n<figure class=\"aligncenter size-large\"><img loading=\"lazy\" decoding=\"async\" width=\"438\" height=\"450\" src=\"https:\/\/decorez-moi.fr\/blog\/wp-content\/uploads\/2020\/12\/peinture-metalique-pour-decorer-forme-bois-tableau-photo.jpg\" alt=\"\" class=\"wp-image-2532\" srcset=\"https:\/\/decorez-moi.fr\/blog\/wp-content\/uploads\/2020\/12\/peinture-metalique-pour-decorer-forme-bois-tableau-photo.jpg 438w, https:\/\/decorez-moi.fr\/blog\/wp-content\/uploads\/2020\/12\/peinture-metalique-pour-decorer-forme-bois-tableau-photo-292x300.jpg 292w\" sizes=\"auto, (max-width: 438px) 100vw, 438px\" \/><figcaption>Cr\u00e9ation d&rsquo;un support \u00e0 photo personnalis\u00e9 avec de la peinture magn\u00e9tique<\/figcaption><\/figure>\n<\/div>\n\n\n<p><\/p>\n","protected":false},"excerpt":{"rendered":"<p>Tous les supports en bois disponibles dans notre boutique peuvent \u00eatre d\u00e9cor\u00e9s avec de la peinture sur bois. Les enfants y trouveront leur compte mais aussi les plus grands avec des techniques avanc\u00e9es. Vous pouvez utiliser plusieurs types de peinture en m\u00eame temps pour un r\u00e9sultat plus \u00e9labor\u00e9. Passons en revue toutes les techniques de [&hellip;]<\/p>\n","protected":false},"author":2,"featured_media":1337,"parent":2887,"menu_order":0,"comment_status":"closed","ping_status":"closed","template":"","meta":{"_et_pb_use_builder":"off","_et_pb_old_content":"","_et_gb_content_width":"","footnotes":""},"class_list":["post-2907","page","type-page","status-publish","has-post-thumbnail","hentry"],"aioseo_notices":[],"_links":{"self":[{"href":"https:\/\/decorez-moi.fr\/blog\/wp-json\/wp\/v2\/pages\/2907","targetHints":{"allow":["GET"]}}],"collection":[{"href":"https:\/\/decorez-moi.fr\/blog\/wp-json\/wp\/v2\/pages"}],"about":[{"href":"https:\/\/decorez-moi.fr\/blog\/wp-json\/wp\/v2\/types\/page"}],"author":[{"embeddable":true,"href":"https:\/\/decorez-moi.fr\/blog\/wp-json\/wp\/v2\/users\/2"}],"replies":[{"embeddable":true,"href":"https:\/\/decorez-moi.fr\/blog\/wp-json\/wp\/v2\/comments?post=2907"}],"version-history":[{"count":7,"href":"https:\/\/decorez-moi.fr\/blog\/wp-json\/wp\/v2\/pages\/2907\/revisions"}],"predecessor-version":[{"id":4648,"href":"https:\/\/decorez-moi.fr\/blog\/wp-json\/wp\/v2\/pages\/2907\/revisions\/4648"}],"up":[{"embeddable":true,"href":"https:\/\/decorez-moi.fr\/blog\/wp-json\/wp\/v2\/pages\/2887"}],"wp:featuredmedia":[{"embeddable":true,"href":"https:\/\/decorez-moi.fr\/blog\/wp-json\/wp\/v2\/media\/1337"}],"wp:attachment":[{"href":"https:\/\/decorez-moi.fr\/blog\/wp-json\/wp\/v2\/media?parent=2907"}],"curies":[{"name":"wp","href":"https:\/\/api.w.org\/{rel}","templated":true}]}}